{"id":273,"date":"2026-02-16T11:01:16","date_gmt":"2026-02-16T11:01:16","guid":{"rendered":"https:\/\/www.lespessigolles.cat\/contacto\/"},"modified":"2026-03-23T11:43:11","modified_gmt":"2026-03-23T11:43:11","slug":"contacto","status":"publish","type":"page","link":"https:\/\/www.lespessigolles.cat\/es\/contacto\/","title":{"rendered":"Contacto"},"content":{"rendered":"<div class=\"wpb-content-wrapper\"><p>web[vc_row full_width=\u00bbstretch_row\u00bb gap=\u00bb35&#8243; equal_height=\u00bbyes\u00bb content_placement=\u00bbtop\u00bb][vc_column width=\u00bb1\/2&#8243; css=\u00bb.vc_custom_1771245908876{background-image: url(http:\/\/www.lespessigolles.cat\/wp-content\/uploads\/2026\/02\/Pessigolles_foto-contacte-1.webp?id=83) !important;background-position: center !important;background-repeat: no-repeat !important;background-size: cover !important;}\u00bb][\/vc_column][vc_column width=\u00bb1\/2&#8243;][vc_row_inner][vc_column_inner width=\u00bb1\/3&#8243;]<style type=\"text\/css\" data-type=\"the7_shortcodes-inline-css\">.icon-with-text-shortcode.icon-text-id-7df6c0223d532b33db3603de297f482b .text-icon {\n  width: 50px;\n  height: 50px;\n  line-height: 50px;\n  font-size: 32px;\n  border-radius: 200px;\n  margin: 0px 0px 20px 0px;\n}\n.icon-with-text-shortcode.icon-text-id-7df6c0223d532b33db3603de297f482b .text-icon .icon-inner {\n  min-width: 50px;\n  min-height: 50px;\n  border-radius: 200px;\n}\n@media all and (-ms-high-contrast: none) {\n  .icon-with-text-shortcode.icon-text-id-7df6c0223d532b33db3603de297f482b .text-icon .icon-inner {\n    height: 50px;\n  }\n}\n.icon-with-text-shortcode.icon-text-id-7df6c0223d532b33db3603de297f482b .text-icon .dt-hover-icon {\n  line-height: 50px;\n}\n.icon-with-text-shortcode.icon-text-id-7df6c0223d532b33db3603de297f482b .text-icon:before,\n.icon-with-text-shortcode.icon-text-id-7df6c0223d532b33db3603de297f482b .text-icon:after,\n.icon-with-text-shortcode.icon-text-id-7df6c0223d532b33db3603de297f482b .text-icon .icon-inner:before,\n.icon-with-text-shortcode.icon-text-id-7df6c0223d532b33db3603de297f482b .text-icon .icon-inner:after {\n  min-width: 100%;\n  min-height: 100%;\n  padding: inherit;\n  border-radius: inherit;\n}\n#page .icon-with-text-shortcode.icon-text-id-7df6c0223d532b33db3603de297f482b .text-icon.dt-icon-bg-on .icon-inner:before,\n#phantom .icon-with-text-shortcode.icon-text-id-7df6c0223d532b33db3603de297f482b .text-icon.dt-icon-bg-on .icon-inner:before {\n  background: #FF2B99;\n}\n.icon-with-text-shortcode.icon-text-id-7df6c0223d532b33db3603de297f482b .text-icon.dt-icon-border-on:before {\n  border-width: 2px;\n  border-style: solid;\n}\n.dt-icon-border-dashed.icon-with-text-shortcode.icon-text-id-7df6c0223d532b33db3603de297f482b .text-icon.dt-icon-border-on:before {\n  border-style: dashed;\n}\n.dt-icon-border-dotted.icon-with-text-shortcode.icon-text-id-7df6c0223d532b33db3603de297f482b .text-icon.dt-icon-border-on:before {\n  border-style: dotted;\n}\n.dt-icon-border-double.icon-with-text-shortcode.icon-text-id-7df6c0223d532b33db3603de297f482b .text-icon.dt-icon-border-on:before {\n  border-style: double;\n}\n.icon-with-text-shortcode.icon-text-id-7df6c0223d532b33db3603de297f482b .text-icon.dt-icon-border-dashed.dt-icon-border-on:before {\n  border-style: dashed;\n}\n.icon-with-text-shortcode.icon-text-id-7df6c0223d532b33db3603de297f482b .text-icon.dt-icon-border-dotted.dt-icon-border-on:before {\n  border-style: dotted;\n}\n.icon-with-text-shortcode.icon-text-id-7df6c0223d532b33db3603de297f482b .text-icon.dt-icon-border-double.dt-icon-border-on:before {\n  border-style: double;\n}\n.icon-with-text-shortcode.icon-text-id-7df6c0223d532b33db3603de297f482b .text-icon.dt-icon-hover-border-on:after {\n  border-width: 2px;\n  border-style: solid;\n}\n.icon-with-text-shortcode.icon-text-id-7df6c0223d532b33db3603de297f482b .text-icon.dt-icon-border-dashed.dt-icon-hover-border-on:after {\n  border-style: dashed;\n}\n.icon-with-text-shortcode.icon-text-id-7df6c0223d532b33db3603de297f482b .text-icon.dt-icon-border-dotted.dt-icon-hover-border-on:after {\n  border-style: dotted;\n}\n.icon-with-text-shortcode.icon-text-id-7df6c0223d532b33db3603de297f482b .text-icon.dt-icon-border-double.dt-icon-hover-border-on:after {\n  border-style: double;\n}\n.icon-with-text-shortcode.icon-text-id-7df6c0223d532b33db3603de297f482b .text-icon.dt-icon-hover-on:hover {\n  font-size: 32px;\n}\n#page .icon-with-text-shortcode.icon-text-id-7df6c0223d532b33db3603de297f482b .text-icon.dt-icon-hover-on:hover .soc-font-icon,\n#phantom .icon-with-text-shortcode.icon-text-id-7df6c0223d532b33db3603de297f482b .text-icon.dt-icon-hover-on:hover .soc-font-icon,\n#page .icon-with-text-shortcode.icon-text-id-7df6c0223d532b33db3603de297f482b .text-icon.dt-icon-hover-on:hover .soc-icon,\n#phantom .icon-with-text-shortcode.icon-text-id-7df6c0223d532b33db3603de297f482b .text-icon.dt-icon-hover-on:hover .soc-icon {\n  color: #fff;\n  background: none;\n}\n#page .icon-with-text-shortcode.icon-text-id-7df6c0223d532b33db3603de297f482b .text-icon.dt-icon-hover-bg-on .icon-inner:after,\n#phantom .icon-with-text-shortcode.icon-text-id-7df6c0223d532b33db3603de297f482b .text-icon.dt-icon-hover-bg-on .icon-inner:after {\n  background: #0FB8BD;\n}\n#page .icon-with-text-shortcode.icon-text-id-7df6c0223d532b33db3603de297f482b .text-icon.dt-icon-hover-on:not(:hover) .soc-font-icon,\n#phantom .icon-with-text-shortcode.icon-text-id-7df6c0223d532b33db3603de297f482b .text-icon.dt-icon-hover-on:not(:hover) .soc-font-icon,\n#page .icon-with-text-shortcode.icon-text-id-7df6c0223d532b33db3603de297f482b .text-icon.dt-icon-hover-on:not(:hover) .soc-icon,\n#phantom .icon-with-text-shortcode.icon-text-id-7df6c0223d532b33db3603de297f482b .text-icon.dt-icon-hover-on:not(:hover) .soc-icon,\n#page .icon-with-text-shortcode.icon-text-id-7df6c0223d532b33db3603de297f482b .text-icon.dt-icon-hover-off .soc-font-icon,\n#phantom .icon-with-text-shortcode.icon-text-id-7df6c0223d532b33db3603de297f482b .text-icon.dt-icon-hover-off .soc-font-icon,\n#page .icon-with-text-shortcode.icon-text-id-7df6c0223d532b33db3603de297f482b .text-icon.dt-icon-hover-off .soc-icon,\n#phantom .icon-with-text-shortcode.icon-text-id-7df6c0223d532b33db3603de297f482b .text-icon.dt-icon-hover-off .soc-icon {\n  color: #fff;\n  background: none;\n}\n.icon-with-text-shortcode.icon-text-id-7df6c0223d532b33db3603de297f482b.layout-1 {\n  grid-template-columns: 50px minmax(0,1fr);\n  grid-column-gap: 0px;\n}\n.icon-with-text-shortcode.icon-text-id-7df6c0223d532b33db3603de297f482b.layout-2 {\n  grid-template-columns: minmax(0,1fr) 50px;\n  grid-column-gap: 0px;\n}\n.icon-with-text-shortcode.icon-text-id-7df6c0223d532b33db3603de297f482b.layout-2 .text-icon {\n  margin-left: 0;\n}\n.icon-with-text-shortcode.icon-text-id-7df6c0223d532b33db3603de297f482b.layout-3 {\n  grid-template-columns: 50px minmax(0,1fr);\n}\n.icon-with-text-shortcode.icon-text-id-7df6c0223d532b33db3603de297f482b.layout-3 .dt-text-title {\n  margin-left: 0px;\n}\n.icon-with-text-shortcode.icon-text-id-7df6c0223d532b33db3603de297f482b .dt-text-title {\n  margin-bottom: 0px;\n}\n.icon-with-text-shortcode.icon-text-id-7df6c0223d532b33db3603de297f482b .dt-text-desc {\n  margin-bottom: 20px;\n}<\/style><div class=\"icon-with-text-shortcode  icon-text-id-7df6c0223d532b33db3603de297f482b layout-5  \" ><a href=\"tel:34607283992\" class=\"anchor-link text-icon dt-icon-bg-on dt-icon-hover-on dt-icon-hover-bg-on\"><span class=\"icon-inner\"><i class=\"dt-regular-icon soc-icon icomoon-the7-font-the7-phone-05\"><\/i><i class=\"dt-hover-icon soc-icon icomoon-the7-font-the7-phone-05\"><\/i><\/span><\/a><div class=\"dt-text-desc\">+34 607 283 992 +34 667 945 413<\/div><\/div>[\/vc_column_inner][vc_column_inner width=\u00bb1\/3&#8243;]<style type=\"text\/css\" data-type=\"the7_shortcodes-inline-css\">.icon-with-text-shortcode.icon-text-id-f4194faa1ada6644b841cb391c4816dd .text-icon {\n  width: 50px;\n  height: 50px;\n  line-height: 50px;\n  font-size: 32px;\n  border-radius: 200px;\n  margin: 0px 0px 20px 0px;\n}\n.icon-with-text-shortcode.icon-text-id-f4194faa1ada6644b841cb391c4816dd .text-icon .icon-inner {\n  min-width: 50px;\n  min-height: 50px;\n  border-radius: 200px;\n}\n@media all and (-ms-high-contrast: none) {\n  .icon-with-text-shortcode.icon-text-id-f4194faa1ada6644b841cb391c4816dd .text-icon .icon-inner {\n    height: 50px;\n  }\n}\n.icon-with-text-shortcode.icon-text-id-f4194faa1ada6644b841cb391c4816dd .text-icon .dt-hover-icon {\n  line-height: 50px;\n}\n.icon-with-text-shortcode.icon-text-id-f4194faa1ada6644b841cb391c4816dd .text-icon:before,\n.icon-with-text-shortcode.icon-text-id-f4194faa1ada6644b841cb391c4816dd .text-icon:after,\n.icon-with-text-shortcode.icon-text-id-f4194faa1ada6644b841cb391c4816dd .text-icon .icon-inner:before,\n.icon-with-text-shortcode.icon-text-id-f4194faa1ada6644b841cb391c4816dd .text-icon .icon-inner:after {\n  min-width: 100%;\n  min-height: 100%;\n  padding: inherit;\n  border-radius: inherit;\n}\n#page .icon-with-text-shortcode.icon-text-id-f4194faa1ada6644b841cb391c4816dd .text-icon.dt-icon-bg-on .icon-inner:before,\n#phantom .icon-with-text-shortcode.icon-text-id-f4194faa1ada6644b841cb391c4816dd .text-icon.dt-icon-bg-on .icon-inner:before {\n  background: #FF2B99;\n}\n.icon-with-text-shortcode.icon-text-id-f4194faa1ada6644b841cb391c4816dd .text-icon.dt-icon-border-on:before {\n  border-width: 2px;\n  border-style: solid;\n}\n.dt-icon-border-dashed.icon-with-text-shortcode.icon-text-id-f4194faa1ada6644b841cb391c4816dd .text-icon.dt-icon-border-on:before {\n  border-style: dashed;\n}\n.dt-icon-border-dotted.icon-with-text-shortcode.icon-text-id-f4194faa1ada6644b841cb391c4816dd .text-icon.dt-icon-border-on:before {\n  border-style: dotted;\n}\n.dt-icon-border-double.icon-with-text-shortcode.icon-text-id-f4194faa1ada6644b841cb391c4816dd .text-icon.dt-icon-border-on:before {\n  border-style: double;\n}\n.icon-with-text-shortcode.icon-text-id-f4194faa1ada6644b841cb391c4816dd .text-icon.dt-icon-border-dashed.dt-icon-border-on:before {\n  border-style: dashed;\n}\n.icon-with-text-shortcode.icon-text-id-f4194faa1ada6644b841cb391c4816dd .text-icon.dt-icon-border-dotted.dt-icon-border-on:before {\n  border-style: dotted;\n}\n.icon-with-text-shortcode.icon-text-id-f4194faa1ada6644b841cb391c4816dd .text-icon.dt-icon-border-double.dt-icon-border-on:before {\n  border-style: double;\n}\n.icon-with-text-shortcode.icon-text-id-f4194faa1ada6644b841cb391c4816dd .text-icon.dt-icon-hover-border-on:after {\n  border-width: 2px;\n  border-style: solid;\n}\n.icon-with-text-shortcode.icon-text-id-f4194faa1ada6644b841cb391c4816dd .text-icon.dt-icon-border-dashed.dt-icon-hover-border-on:after {\n  border-style: dashed;\n}\n.icon-with-text-shortcode.icon-text-id-f4194faa1ada6644b841cb391c4816dd .text-icon.dt-icon-border-dotted.dt-icon-hover-border-on:after {\n  border-style: dotted;\n}\n.icon-with-text-shortcode.icon-text-id-f4194faa1ada6644b841cb391c4816dd .text-icon.dt-icon-border-double.dt-icon-hover-border-on:after {\n  border-style: double;\n}\n.icon-with-text-shortcode.icon-text-id-f4194faa1ada6644b841cb391c4816dd .text-icon.dt-icon-hover-on:hover {\n  font-size: 32px;\n}\n#page .icon-with-text-shortcode.icon-text-id-f4194faa1ada6644b841cb391c4816dd .text-icon.dt-icon-hover-on:hover .soc-font-icon,\n#phantom .icon-with-text-shortcode.icon-text-id-f4194faa1ada6644b841cb391c4816dd .text-icon.dt-icon-hover-on:hover .soc-font-icon,\n#page .icon-with-text-shortcode.icon-text-id-f4194faa1ada6644b841cb391c4816dd .text-icon.dt-icon-hover-on:hover .soc-icon,\n#phantom .icon-with-text-shortcode.icon-text-id-f4194faa1ada6644b841cb391c4816dd .text-icon.dt-icon-hover-on:hover .soc-icon {\n  color: #fff;\n  background: none;\n}\n#page .icon-with-text-shortcode.icon-text-id-f4194faa1ada6644b841cb391c4816dd .text-icon.dt-icon-hover-bg-on .icon-inner:after,\n#phantom .icon-with-text-shortcode.icon-text-id-f4194faa1ada6644b841cb391c4816dd .text-icon.dt-icon-hover-bg-on .icon-inner:after {\n  background: #0FB8BD;\n}\n#page .icon-with-text-shortcode.icon-text-id-f4194faa1ada6644b841cb391c4816dd .text-icon.dt-icon-hover-on:not(:hover) .soc-font-icon,\n#phantom .icon-with-text-shortcode.icon-text-id-f4194faa1ada6644b841cb391c4816dd .text-icon.dt-icon-hover-on:not(:hover) .soc-font-icon,\n#page .icon-with-text-shortcode.icon-text-id-f4194faa1ada6644b841cb391c4816dd .text-icon.dt-icon-hover-on:not(:hover) .soc-icon,\n#phantom .icon-with-text-shortcode.icon-text-id-f4194faa1ada6644b841cb391c4816dd .text-icon.dt-icon-hover-on:not(:hover) .soc-icon,\n#page .icon-with-text-shortcode.icon-text-id-f4194faa1ada6644b841cb391c4816dd .text-icon.dt-icon-hover-off .soc-font-icon,\n#phantom .icon-with-text-shortcode.icon-text-id-f4194faa1ada6644b841cb391c4816dd .text-icon.dt-icon-hover-off .soc-font-icon,\n#page .icon-with-text-shortcode.icon-text-id-f4194faa1ada6644b841cb391c4816dd .text-icon.dt-icon-hover-off .soc-icon,\n#phantom .icon-with-text-shortcode.icon-text-id-f4194faa1ada6644b841cb391c4816dd .text-icon.dt-icon-hover-off .soc-icon {\n  color: #fff;\n  background: none;\n}\n.icon-with-text-shortcode.icon-text-id-f4194faa1ada6644b841cb391c4816dd.layout-1 {\n  grid-template-columns: 50px minmax(0,1fr);\n  grid-column-gap: 0px;\n}\n.icon-with-text-shortcode.icon-text-id-f4194faa1ada6644b841cb391c4816dd.layout-2 {\n  grid-template-columns: minmax(0,1fr) 50px;\n  grid-column-gap: 0px;\n}\n.icon-with-text-shortcode.icon-text-id-f4194faa1ada6644b841cb391c4816dd.layout-2 .text-icon {\n  margin-left: 0;\n}\n.icon-with-text-shortcode.icon-text-id-f4194faa1ada6644b841cb391c4816dd.layout-3 {\n  grid-template-columns: 50px minmax(0,1fr);\n}\n.icon-with-text-shortcode.icon-text-id-f4194faa1ada6644b841cb391c4816dd.layout-3 .dt-text-title {\n  margin-left: 0px;\n}\n.icon-with-text-shortcode.icon-text-id-f4194faa1ada6644b841cb391c4816dd .dt-text-title {\n  margin-bottom: 0px;\n}\n.icon-with-text-shortcode.icon-text-id-f4194faa1ada6644b841cb391c4816dd .dt-text-desc {\n  margin-bottom: 20px;\n}<\/style><div class=\"icon-with-text-shortcode  icon-text-id-f4194faa1ada6644b841cb391c4816dd layout-5  \" ><a href=\"mailto:info@lespessigolles.cat\" class=\"anchor-link text-icon dt-icon-bg-on dt-icon-hover-on dt-icon-hover-bg-on\"><span class=\"icon-inner\"><i class=\"dt-regular-icon soc-icon icomoon-the7-font-the7-mw-mail-04\"><\/i><i class=\"dt-hover-icon soc-icon icomoon-the7-font-the7-mw-mail-04\"><\/i><\/span><\/a><div class=\"dt-text-desc\">info@lespessigolles.cat<\/div><\/div>[\/vc_column_inner][vc_column_inner width=\u00bb1\/3&#8243;]<style type=\"text\/css\" data-type=\"the7_shortcodes-inline-css\">.icon-with-text-shortcode.icon-text-id-385f0b15b7411039d4744362e7d2c93d .text-icon {\n  width: 50px;\n  height: 50px;\n  line-height: 50px;\n  font-size: 32px;\n  border-radius: 200px;\n  margin: 0px 0px 20px 0px;\n}\n.icon-with-text-shortcode.icon-text-id-385f0b15b7411039d4744362e7d2c93d .text-icon .icon-inner {\n  min-width: 50px;\n  min-height: 50px;\n  border-radius: 200px;\n}\n@media all and (-ms-high-contrast: none) {\n  .icon-with-text-shortcode.icon-text-id-385f0b15b7411039d4744362e7d2c93d .text-icon .icon-inner {\n    height: 50px;\n  }\n}\n.icon-with-text-shortcode.icon-text-id-385f0b15b7411039d4744362e7d2c93d .text-icon .dt-hover-icon {\n  line-height: 50px;\n}\n.icon-with-text-shortcode.icon-text-id-385f0b15b7411039d4744362e7d2c93d .text-icon:before,\n.icon-with-text-shortcode.icon-text-id-385f0b15b7411039d4744362e7d2c93d .text-icon:after,\n.icon-with-text-shortcode.icon-text-id-385f0b15b7411039d4744362e7d2c93d .text-icon .icon-inner:before,\n.icon-with-text-shortcode.icon-text-id-385f0b15b7411039d4744362e7d2c93d .text-icon .icon-inner:after {\n  min-width: 100%;\n  min-height: 100%;\n  padding: inherit;\n  border-radius: inherit;\n}\n#page .icon-with-text-shortcode.icon-text-id-385f0b15b7411039d4744362e7d2c93d .text-icon.dt-icon-bg-on .icon-inner:before,\n#phantom .icon-with-text-shortcode.icon-text-id-385f0b15b7411039d4744362e7d2c93d .text-icon.dt-icon-bg-on .icon-inner:before {\n  background: #FF2B99;\n}\n.icon-with-text-shortcode.icon-text-id-385f0b15b7411039d4744362e7d2c93d .text-icon.dt-icon-border-on:before {\n  border-width: 2px;\n  border-style: solid;\n}\n.dt-icon-border-dashed.icon-with-text-shortcode.icon-text-id-385f0b15b7411039d4744362e7d2c93d .text-icon.dt-icon-border-on:before {\n  border-style: dashed;\n}\n.dt-icon-border-dotted.icon-with-text-shortcode.icon-text-id-385f0b15b7411039d4744362e7d2c93d .text-icon.dt-icon-border-on:before {\n  border-style: dotted;\n}\n.dt-icon-border-double.icon-with-text-shortcode.icon-text-id-385f0b15b7411039d4744362e7d2c93d .text-icon.dt-icon-border-on:before {\n  border-style: double;\n}\n.icon-with-text-shortcode.icon-text-id-385f0b15b7411039d4744362e7d2c93d .text-icon.dt-icon-border-dashed.dt-icon-border-on:before {\n  border-style: dashed;\n}\n.icon-with-text-shortcode.icon-text-id-385f0b15b7411039d4744362e7d2c93d .text-icon.dt-icon-border-dotted.dt-icon-border-on:before {\n  border-style: dotted;\n}\n.icon-with-text-shortcode.icon-text-id-385f0b15b7411039d4744362e7d2c93d .text-icon.dt-icon-border-double.dt-icon-border-on:before {\n  border-style: double;\n}\n.icon-with-text-shortcode.icon-text-id-385f0b15b7411039d4744362e7d2c93d .text-icon.dt-icon-hover-border-on:after {\n  border-width: 2px;\n  border-style: solid;\n}\n.icon-with-text-shortcode.icon-text-id-385f0b15b7411039d4744362e7d2c93d .text-icon.dt-icon-border-dashed.dt-icon-hover-border-on:after {\n  border-style: dashed;\n}\n.icon-with-text-shortcode.icon-text-id-385f0b15b7411039d4744362e7d2c93d .text-icon.dt-icon-border-dotted.dt-icon-hover-border-on:after {\n  border-style: dotted;\n}\n.icon-with-text-shortcode.icon-text-id-385f0b15b7411039d4744362e7d2c93d .text-icon.dt-icon-border-double.dt-icon-hover-border-on:after {\n  border-style: double;\n}\n.icon-with-text-shortcode.icon-text-id-385f0b15b7411039d4744362e7d2c93d .text-icon.dt-icon-hover-on:hover {\n  font-size: 32px;\n}\n#page .icon-with-text-shortcode.icon-text-id-385f0b15b7411039d4744362e7d2c93d .text-icon.dt-icon-hover-on:hover .soc-font-icon,\n#phantom .icon-with-text-shortcode.icon-text-id-385f0b15b7411039d4744362e7d2c93d .text-icon.dt-icon-hover-on:hover .soc-font-icon,\n#page .icon-with-text-shortcode.icon-text-id-385f0b15b7411039d4744362e7d2c93d .text-icon.dt-icon-hover-on:hover .soc-icon,\n#phantom .icon-with-text-shortcode.icon-text-id-385f0b15b7411039d4744362e7d2c93d .text-icon.dt-icon-hover-on:hover .soc-icon {\n  color: #fff;\n  background: none;\n}\n#page .icon-with-text-shortcode.icon-text-id-385f0b15b7411039d4744362e7d2c93d .text-icon.dt-icon-hover-bg-on .icon-inner:after,\n#phantom .icon-with-text-shortcode.icon-text-id-385f0b15b7411039d4744362e7d2c93d .text-icon.dt-icon-hover-bg-on .icon-inner:after {\n  background: #0FB8BD;\n}\n#page .icon-with-text-shortcode.icon-text-id-385f0b15b7411039d4744362e7d2c93d .text-icon.dt-icon-hover-on:not(:hover) .soc-font-icon,\n#phantom .icon-with-text-shortcode.icon-text-id-385f0b15b7411039d4744362e7d2c93d .text-icon.dt-icon-hover-on:not(:hover) .soc-font-icon,\n#page .icon-with-text-shortcode.icon-text-id-385f0b15b7411039d4744362e7d2c93d .text-icon.dt-icon-hover-on:not(:hover) .soc-icon,\n#phantom .icon-with-text-shortcode.icon-text-id-385f0b15b7411039d4744362e7d2c93d .text-icon.dt-icon-hover-on:not(:hover) .soc-icon,\n#page .icon-with-text-shortcode.icon-text-id-385f0b15b7411039d4744362e7d2c93d .text-icon.dt-icon-hover-off .soc-font-icon,\n#phantom .icon-with-text-shortcode.icon-text-id-385f0b15b7411039d4744362e7d2c93d .text-icon.dt-icon-hover-off .soc-font-icon,\n#page .icon-with-text-shortcode.icon-text-id-385f0b15b7411039d4744362e7d2c93d .text-icon.dt-icon-hover-off .soc-icon,\n#phantom .icon-with-text-shortcode.icon-text-id-385f0b15b7411039d4744362e7d2c93d .text-icon.dt-icon-hover-off .soc-icon {\n  color: #fff;\n  background: none;\n}\n.icon-with-text-shortcode.icon-text-id-385f0b15b7411039d4744362e7d2c93d.layout-1 {\n  grid-template-columns: 50px minmax(0,1fr);\n  grid-column-gap: 0px;\n}\n.icon-with-text-shortcode.icon-text-id-385f0b15b7411039d4744362e7d2c93d.layout-2 {\n  grid-template-columns: minmax(0,1fr) 50px;\n  grid-column-gap: 0px;\n}\n.icon-with-text-shortcode.icon-text-id-385f0b15b7411039d4744362e7d2c93d.layout-2 .text-icon {\n  margin-left: 0;\n}\n.icon-with-text-shortcode.icon-text-id-385f0b15b7411039d4744362e7d2c93d.layout-3 {\n  grid-template-columns: 50px minmax(0,1fr);\n}\n.icon-with-text-shortcode.icon-text-id-385f0b15b7411039d4744362e7d2c93d.layout-3 .dt-text-title {\n  margin-left: 0px;\n}\n.icon-with-text-shortcode.icon-text-id-385f0b15b7411039d4744362e7d2c93d .dt-text-title {\n  margin-bottom: 0px;\n}\n.icon-with-text-shortcode.icon-text-id-385f0b15b7411039d4744362e7d2c93d .dt-text-desc {\n  margin-bottom: 20px;\n}<\/style><div class=\"icon-with-text-shortcode  icon-text-id-385f0b15b7411039d4744362e7d2c93d layout-5  \" ><a href=\"https:\/\/www.instagram.com\/lespessigolles\/\" class=\"anchor-link text-icon dt-icon-bg-on dt-icon-hover-on dt-icon-hover-bg-on\" target=\"_blank\" rel=\"noopener\"><span class=\"icon-inner\"><i class=\"dt-regular-icon soc-icon icomoon-the7-font-instagram\"><\/i><i class=\"dt-hover-icon soc-icon icomoon-the7-font-instagram\"><\/i><\/span><\/a><div class=\"dt-text-desc\">@lespessigolles<\/div><\/div>[\/vc_column_inner][\/vc_row_inner][vc_empty_space height=\u00bb30&#8243;][vc_column_text css=\u00bb\u00bb]<strong>\u00bfQuieres programarnos en tu pueblo, escuela o<\/strong><br \/>\n<strong>evento?<\/strong><br \/>\n<strong>Escr\u00edbenos y te enviaremos informaci\u00f3n t\u00e9cnica,<\/strong><br \/>\n<strong>disponibilidad y presupuesto sin compromiso.<\/strong>[\/vc_column_text]<form class=\"dt-contact-form dt-form\" method=\"post\"><input type=\"hidden\" name=\"widget_id\" value=\"presscore-contact-form-widget--1\" \/><input type=\"hidden\" name=\"send_message\" value=\"\" \/><input type=\"hidden\" name=\"security_token\" value=\"f7bdd6d20207cb5661e9\"\/><div class=\"form-fields\"><span class=\"form-name\"><label class=\"assistive-text\">Name *<\/label><input type=\"text\" class=\"validate[required]\" placeholder=\"Name *\" name=\"name\" value=\"\" aria-required=\"true\">\n<\/span><span class=\"form-mail\"><label class=\"assistive-text\">E-mail *<\/label><input type=\"text\" class=\"validate[required,custom[email]]\" placeholder=\"E-mail *\" name=\"email\" value=\"\" aria-required=\"true\">\n<\/span><span class=\"form-telephone\"><label class=\"assistive-text\">Telephone<\/label><input type=\"text\" placeholder=\"Telephone\" name=\"telephone\" value=\"\" aria-required=\"false\">\n<\/span><\/div><span class=\"form-message\"><label class=\"assistive-text\">Message *<\/label><textarea class=\"validate[required]\" placeholder=\"Message *\" name=\"message\" rows=\"6\" aria-required=\"true\"><\/textarea>\n<\/span><p><a href=\"#\" class=\"dt-btn dt-btn-m dt-btn-submit\" rel=\"nofollow\"><span>ENV\u00cdA<\/span><\/a><input class=\"assistive-text\" type=\"submit\" value=\"submit\"><\/p><\/form>\n[\/vc_column][\/vc_row][vc_row css=\u00bb.vc_custom_1771246103479{margin-top: 60px !important;margin-bottom: 40px !important;}\u00bb][vc_column][vc_column_text css=\u00bb\u00bb]<\/p>\n<h2 style=\"text-align: center;\">Lleva a Les Pessigolles a tu escenario<\/h2>\n<p>[\/vc_column_text][\/vc_column][\/vc_row][vc_row full_width=\u00bbstretch_row_content_no_spaces\u00bb bg_type=\u00bbimage\u00bb parallax_style=\u00bbvcpb-default\u00bb bg_image_new=\u00bbid^88|url^http:\/\/www.lespessigolles.cat\/wp-content\/uploads\/2026\/02\/Pessigolles_foto-contacte-2.webp|caption^null|alt^null|title^Pessigolles_foto contacte 2|description^null\u00bb bg_image_repeat=\u00bbno-repeat\u00bb ult_hide_row=\u00bbult_hide_row_value\u00bb ult_hide_row_mobile=\u00bbmobile\u00bb css=\u00bb.vc_custom_1771245960676{padding-top: 350px !important;padding-bottom: 100px !important;}\u00bb][vc_column][\/vc_column][\/vc_row][vc_row full_width=\u00bbstretch_row_content_no_spaces\u00bb bg_type=\u00bbimage\u00bb parallax_style=\u00bbvcpb-default\u00bb bg_image_new=\u00bbid^88|url^http:\/\/www.lespessigolles.cat\/wp-content\/uploads\/2026\/02\/Pessigolles_foto-contacte-2.webp|caption^null|alt^null|title^Pessigolles_foto contacte 2|description^null\u00bb bg_image_repeat=\u00bbno-repeat\u00bb ult_hide_row=\u00bbult_hide_row_value\u00bb ult_hide_row_large_screen=\u00bblarge_screen\u00bb ult_hide_row_desktop=\u00bbdesktop\u00bb ult_hide_row_tablet=\u00bbtablet\u00bb ult_hide_row_tablet_small=\u00bbxs_tablet\u00bb ult_hide_row_mobile_large=\u00bbxl_mobile\u00bb css=\u00bb.vc_custom_1771245964366{padding-top: 80px !important;padding-bottom: 80px !important;}\u00bb el_id=\u00bbm\u00f3vil\u00bb][vc_column][\/vc_column][\/vc_row]<\/p>\n<\/div>","protected":false},"excerpt":{"rendered":"<p>web[vc_row full_width=\u00bbstretch_row\u00bb gap=\u00bb35&#8243; equal_height=\u00bbyes\u00bb content_placement=\u00bbtop\u00bb][vc_column width=\u00bb1\/2&#8243; css=\u00bb.vc_custom_1771245908876{background-image: url(http:\/\/www.lespessigolles.cat\/wp-content\/uploads\/2026\/02\/Pessigolles_foto-contacte-1.webp?id=83) !important;background-position: center !important;background-repeat: no-repeat !important;background-size: cover !important;}\u00bb][\/vc_column][vc_column width=\u00bb1\/2&#8243;][vc_row_inner][vc_column_inner width=\u00bb1\/3&#8243;][\/vc_column_inner][vc_column_inner width=\u00bb1\/3&#8243;][\/vc_column_inner][vc_column_inner width=\u00bb1\/3&#8243;][\/vc_column_inner][\/vc_row_inner][vc_empty_space height=\u00bb30&#8243;][vc_column_text css=\u00bb\u00bb]\u00bfQuieres programarnos en tu pueblo, escuela o evento? Escr\u00edbenos y te enviaremos informaci\u00f3n t\u00e9cnica, disponibilidad y presupuesto sin compromiso.[\/vc_column_text][\/vc_column][\/vc_row][vc_row css=\u00bb.vc_custom_1771246103479{margin-top: 60px !important;margin-bottom: 40px !important;}\u00bb][vc_column][vc_column_text css=\u00bb\u00bb] Lleva a Les Pessigolles a tu escenario [\/vc_column_text][\/vc_column][\/vc_row][vc_row full_width=\u00bbstretch_row_content_no_spaces\u00bb bg_type=\u00bbimage\u00bb&hellip;<\/p>\n","protected":false},"author":2,"featured_media":0,"parent":0,"menu_order":0,"comment_status":"closed","ping_status":"closed","template":"","meta":{"footnotes":""},"class_list":["post-273","page","type-page","status-publish","hentry","description-off"],"_links":{"self":[{"href":"https:\/\/www.lespessigolles.cat\/es\/wp-json\/wp\/v2\/pages\/273","targetHints":{"allow":["GET"]}}],"collection":[{"href":"https:\/\/www.lespessigolles.cat\/es\/wp-json\/wp\/v2\/pages"}],"about":[{"href":"https:\/\/www.lespessigolles.cat\/es\/wp-json\/wp\/v2\/types\/page"}],"author":[{"embeddable":true,"href":"https:\/\/www.lespessigolles.cat\/es\/wp-json\/wp\/v2\/users\/2"}],"replies":[{"embeddable":true,"href":"https:\/\/www.lespessigolles.cat\/es\/wp-json\/wp\/v2\/comments?post=273"}],"version-history":[{"count":4,"href":"https:\/\/www.lespessigolles.cat\/es\/wp-json\/wp\/v2\/pages\/273\/revisions"}],"predecessor-version":[{"id":346,"href":"https:\/\/www.lespessigolles.cat\/es\/wp-json\/wp\/v2\/pages\/273\/revisions\/346"}],"wp:attachment":[{"href":"https:\/\/www.lespessigolles.cat\/es\/wp-json\/wp\/v2\/media?parent=273"}],"curies":[{"name":"wp","href":"https:\/\/api.w.org\/{rel}","templated":true}]}}