{"id":282,"date":"2026-02-16T08:54:11","date_gmt":"2026-02-16T08:54:11","guid":{"rendered":"https:\/\/www.lespessigolles.cat\/inicio\/"},"modified":"2026-03-23T10:16:40","modified_gmt":"2026-03-23T10:16:40","slug":"inicio","status":"publish","type":"page","link":"https:\/\/www.lespessigolles.cat\/es\/","title":{"rendered":"Inicio"},"content":{"rendered":"<div class=\"wpb-content-wrapper\"><p>[vc_row full_width=\u00bbstretch_row_content_no_spaces\u00bb bg_type=\u00bbimage\u00bb parallax_style=\u00bbvcpb-default\u00bb bg_image_new=\u00bbid^193|url^http:\/\/www.lespessigolles.cat\/wp-content\/uploads\/2026\/02\/Les-pessigolles-portada-mobil.webp|caption^null|alt^null|title^Les pessigolles &#8211; portada mobil|description^null\u00bb bg_image_repeat=\u00bbno-repeat\u00bb ult_hide_row=\u00bbult_hide_row_value\u00bb ult_hide_row_large_screen=\u00bblarge_screen\u00bb ult_hide_row_desktop=\u00bbdesktop\u00bb ult_hide_row_tablet=\u00bbtablet\u00bb ult_hide_row_tablet_small=\u00bbxs_tablet\u00bb ult_hide_row_mobile_large=\u00bbxl_mobile\u00bb css=\u00bb.vc_custom_1771422845836{padding-top: 300px !important;padding-bottom: 300px !important;}\u00bb el_id=\u00bbm\u00f3vil\u00bb][vc_column][\/vc_column][\/vc_row][vc_row css=\u00bb.vc_custom_1771234242858{margin-bottom: 50px !important;}\u00bb][vc_column][vc_column_text css=\u00bb\u00bb]<\/p>\n<h1 style=\"text-align: center;\">M\u00fasica en directo para hacer re\u00edr, bailar y cantar a todas las familias<\/h1>\n<p>[\/vc_column_text][vc_column_text css=\u00bb\u00bb]<\/p>\n<p style=\"text-align: center;\">Les Pessigolles somos cuatro m\u00fasicas con una misi\u00f3n clara: convertir cada concierto en una fiesta participativa llena de energ\u00eda y buen humor.<\/p>\n<p>[\/vc_column_text]<style type=\"text\/css\" data-type=\"the7_shortcodes-inline-css\">#default-btn-5f0967b0241b75bb06796008f711d1b7.ico-right-side > i {\n  margin-right: 0px;\n  margin-left: 8px;\n}\n#default-btn-5f0967b0241b75bb06796008f711d1b7 > i {\n  margin-right: 8px;\n}<\/style><div class=\"btn-align-center\"><a href=\"https:\/\/www.lespessigolles.cat\/es\/espectaculos\/\" class=\"default-btn-shortcode dt-btn dt-btn-m link-hover-off \" id=\"default-btn-5f0967b0241b75bb06796008f711d1b7\" title=\"Espect\u00e1culos\"><span>Descubre el espect\u00e1culo<\/span><\/a><\/div>[\/vc_column][\/vc_row][vc_row full_width=\u00bbstretch_row_content_no_spaces\u00bb bg_type=\u00bbimage\u00bb parallax_style=\u00bbvcpb-default\u00bb bg_image_new=\u00bbid^19|url^http:\/\/www.lespessigolles.cat\/wp-content\/uploads\/2026\/02\/Pessigolles_foto-2-inici.webp|caption^null|alt^null|title^Pessigolles_foto 2 inici|description^null\u00bb bg_image_repeat=\u00bbno-repeat\u00bb bg_img_attach=\u00bbfixed\u00bb ult_hide_row=\u00bbult_hide_row_value\u00bb ult_hide_row_mobile=\u00bbmobile\u00bb css=\u00bb.vc_custom_1771238270166{padding-top: 200px !important;padding-bottom: 200px !important;}\u00bb][vc_column][\/vc_column][\/vc_row][vc_row full_width=\u00bbstretch_row_content_no_spaces\u00bb bg_type=\u00bbimage\u00bb parallax_style=\u00bbvcpb-default\u00bb bg_image_new=\u00bbid^19|url^http:\/\/www.lespessigolles.cat\/wp-content\/uploads\/2026\/02\/Pessigolles_foto-2-inici.webp|caption^null|alt^null|title^Pessigolles_foto 2 inici|description^null\u00bb bg_image_repeat=\u00bbno-repeat\u00bb ult_hide_row=\u00bbult_hide_row_value\u00bb ult_hide_row_large_screen=\u00bblarge_screen\u00bb ult_hide_row_desktop=\u00bbdesktop\u00bb ult_hide_row_tablet=\u00bbtablet\u00bb ult_hide_row_tablet_small=\u00bbxs_tablet\u00bb ult_hide_row_mobile_large=\u00bbxl_mobile\u00bb css=\u00bb.vc_custom_1771237998449{padding-top: 80px !important;padding-bottom: 80px !important;}\u00bb][vc_column][\/vc_column][\/vc_row][vc_row full_width=\u00bbstretch_row_content_no_spaces\u00bb bg_type=\u00bbimage\u00bb parallax_style=\u00bbvcpb-default\u00bb bg_image_new=\u00bbid^35|url^http:\/\/www.lespessigolles.cat\/wp-content\/uploads\/2026\/02\/Pessigolles.webp|caption^null|alt^null|title^Pessigolles|description^null\u00bb bg_image_repeat=\u00bbno-repeat\u00bb bg_img_attach=\u00bbfixed\u00bb ult_hide_row=\u00bbult_hide_row_value\u00bb ult_hide_row_mobile=\u00bbmobile\u00bb css=\u00bb.vc_custom_1771319181667{padding-top: 150px !important;padding-bottom: 150px !important;}\u00bb][vc_column width=\u00bb1\/4&#8243;][\/vc_column][vc_column width=\u00bb1\/2&#8243;][vc_column_text css=\u00bb\u00bb el_class=\u00bbblanc\u00bb]<\/p>\n<p style=\"text-align: center;\">Les Pessigolles es una banda de animaci\u00f3n musical familiar formada por cuatro chicas (voz, guitarra, bajo y bater\u00eda) que ofrecen conciertos en directo llenos de ritmo, juegos y participaci\u00f3n.<\/p>\n<p style=\"text-align: center;\">Hacemos m\u00fasica para mover el cuerpo y despertar sonrisas. En nuestros conciertos, el p\u00fablico no mira: canta, baila y juega con nosotras.<\/p>\n<p>[\/vc_column_text][vc_empty_space height=\u00bb20px\u00bb]<style type=\"text\/css\" data-type=\"the7_shortcodes-inline-css\">#default-btn-d2bfdae3d1a0a05bf7585c19fbd2b5c9.ico-right-side > i {\n  margin-right: 0px;\n  margin-left: 8px;\n}\n#default-btn-d2bfdae3d1a0a05bf7585c19fbd2b5c9 > i {\n  margin-right: 8px;\n}<\/style><div class=\"btn-align-center\"><a href=\"https:\/\/www.lespessigolles.cat\/es\/quienes-somos\/\" class=\"default-btn-shortcode dt-btn dt-btn-m link-hover-off \" id=\"default-btn-d2bfdae3d1a0a05bf7585c19fbd2b5c9\" title=\"Qui\u00e9nes somos\"><span>\u00bfQuieres saber m\u00e1s?<\/span><\/a><\/div>[\/vc_column][vc_column width=\u00bb1\/4&#8243;][\/vc_column][\/vc_row][vc_row full_width=\u00bbstretch_row_content_no_spaces\u00bb bg_type=\u00bbimage\u00bb parallax_style=\u00bbvcpb-default\u00bb bg_image_new=\u00bbid^35|url^http:\/\/www.lespessigolles.cat\/wp-content\/uploads\/2026\/02\/Pessigolles.webp|caption^null|alt^null|title^Pessigolles|description^null\u00bb bg_image_repeat=\u00bbno-repeat\u00bb ult_hide_row=\u00bbult_hide_row_value\u00bb ult_hide_row_large_screen=\u00bblarge_screen\u00bb ult_hide_row_desktop=\u00bbdesktop\u00bb ult_hide_row_tablet=\u00bbtablet\u00bb ult_hide_row_tablet_small=\u00bbxs_tablet\u00bb ult_hide_row_mobile_large=\u00bbxl_mobile\u00bb css=\u00bb.vc_custom_1771319211717{padding-top: 80px !important;padding-bottom: 80px !important;}\u00bb el_id=\u00bbm\u00f3vil\u00bb][vc_column width=\u00bb1\/4&#8243;][\/vc_column][vc_column width=\u00bb1\/2&#8243;][vc_column_text css=\u00bb\u00bb el_class=\u00bbblanc\u00bb]<\/p>\n<p style=\"text-align: center;\">Les Pessigolles es una banda de animaci\u00f3n musical familiar formada por cuatro chicas (voz, guitarra, bajo y bater\u00eda) que ofrecen conciertos en directo llenos de ritmo, juegos y participaci\u00f3n.<\/p>\n<p style=\"text-align: center;\">Hacemos m\u00fasica para mover el cuerpo y despertar sonrisas. En nuestros conciertos, el p\u00fablico no mira: canta, baila y juega con nosotras.<\/p>\n<p>[\/vc_column_text][vc_empty_space height=\u00bb20px\u00bb]<style type=\"text\/css\" data-type=\"the7_shortcodes-inline-css\">#default-btn-d2bfdae3d1a0a05bf7585c19fbd2b5c9.ico-right-side > i {\n  margin-right: 0px;\n  margin-left: 8px;\n}\n#default-btn-d2bfdae3d1a0a05bf7585c19fbd2b5c9 > i {\n  margin-right: 8px;\n}<\/style><div class=\"btn-align-center\"><a href=\"https:\/\/www.lespessigolles.cat\/es\/quienes-somos\/\" class=\"default-btn-shortcode dt-btn dt-btn-m link-hover-off \" id=\"default-btn-d2bfdae3d1a0a05bf7585c19fbd2b5c9\" title=\"Qui\u00e9nes somos\"><span>\u00bfQuieres saber m\u00e1s?<\/span><\/a><\/div>[\/vc_column][vc_column width=\u00bb1\/4&#8243;][\/vc_column][\/vc_row][vc_row][vc_column]<style type=\"text\/css\" data-type=\"the7_shortcodes-inline-css\">.gallery-carousel-shortcode.gallery-carousel-shortcode-id-5deee365535885766074edb96a790bc0.owl-carousel .owl-nav div {\n  width: 36px;\n  height: 36px;\n  border-radius: 500px;\n}\n.dt-arrow-border-on.gallery-carousel-shortcode.gallery-carousel-shortcode-id-5deee365535885766074edb96a790bc0.owl-carousel .owl-nav div:not(:hover):before {\n  border-width: 0px;\n}\n.dt-arrow-hover-border-on.gallery-carousel-shortcode.gallery-carousel-shortcode-id-5deee365535885766074edb96a790bc0.owl-carousel .owl-nav div:hover:after {\n  border-width: 0px;\n}\n.gallery-carousel-shortcode.gallery-carousel-shortcode-id-5deee365535885766074edb96a790bc0.owl-carousel .owl-nav div.owl-prev {\n  top: 50%;\n  transform: translateY(calc(-50% + 0px));\n  left: -50px;\n}\n@media all and (-ms-high-contrast: none) {\n  .gallery-carousel-shortcode.gallery-carousel-shortcode-id-5deee365535885766074edb96a790bc0.owl-carousel .owl-nav div.owl-prev {\n    transform: translateY(-50%);\n    margin-top: 0px;\n  }\n}\n.gallery-carousel-shortcode.gallery-carousel-shortcode-id-5deee365535885766074edb96a790bc0.owl-carousel .owl-nav div.owl-prev i {\n  padding: 0px 0px 0px 0px;\n}\n.gallery-carousel-shortcode.gallery-carousel-shortcode-id-5deee365535885766074edb96a790bc0.owl-carousel .owl-nav div.owl-next {\n  top: 50%;\n  transform: translateY(calc(-50% + 0px));\n  right: -50px;\n}\n@media all and (-ms-high-contrast: none) {\n  .gallery-carousel-shortcode.gallery-carousel-shortcode-id-5deee365535885766074edb96a790bc0.owl-carousel .owl-nav div.owl-next {\n    transform: translateY(-50%);\n    margin-top: 0px;\n  }\n}\n.gallery-carousel-shortcode.gallery-carousel-shortcode-id-5deee365535885766074edb96a790bc0.owl-carousel .owl-nav div.owl-next i {\n  padding: 0px 0px 0px 0px;\n}\n.gallery-carousel-shortcode.gallery-carousel-shortcode-id-5deee365535885766074edb96a790bc0.owl-carousel .owl-nav i {\n  font-size: 50px;\n}\n.gallery-carousel-shortcode.gallery-carousel-shortcode-id-5deee365535885766074edb96a790bc0.owl-carousel .owl-nav div:not(:hover) i,\n.gallery-carousel-shortcode.gallery-carousel-shortcode-id-5deee365535885766074edb96a790bc0.owl-carousel .owl-nav div:not(:hover) i:before {\n  color: #FF2B99;\n  background: none;\n}\n.gallery-carousel-shortcode.gallery-carousel-shortcode-id-5deee365535885766074edb96a790bc0.owl-carousel .owl-nav div:hover i,\n.gallery-carousel-shortcode.gallery-carousel-shortcode-id-5deee365535885766074edb96a790bc0.owl-carousel .owl-nav div:hover i:before {\n  color: #0FB8BD;\n  background: none;\n}\n.gallery-carousel-shortcode.gallery-carousel-shortcode-id-5deee365535885766074edb96a790bc0 .owl-dots {\n  top: calc(100% + 20px);\n  left: 50%;\n  transform: translateX(calc(-50% + 0px));\n}\n@media all and (-ms-high-contrast: none) {\n  .gallery-carousel-shortcode.gallery-carousel-shortcode-id-5deee365535885766074edb96a790bc0 .owl-dots {\n    transform: translateX(-50%);\n    margin-left: 0px;\n  }\n}\n.gallery-carousel-shortcode.gallery-carousel-shortcode-id-5deee365535885766074edb96a790bc0 .owl-dot {\n  width: 10px;\n  height: 10px;\n  margin: 0 8px;\n}\n@media screen and (max-width: 778px) {\n  .gallery-carousel-shortcode.gallery-carousel-shortcode-id-5deee365535885766074edb96a790bc0.hide-arrows .owl-nav a {\n    display: none;\n  }\n}\n@media screen and (max-width: 778px) {\n  .gallery-carousel-shortcode.gallery-carousel-shortcode-id-5deee365535885766074edb96a790bc0.reposition-arrows .owl-nav div.owl-prev {\n    top: 50%;\n    transform: translateY(calc(-50% + 0px));\n    left: 10px;\n  }\n  .gallery-carousel-shortcode.gallery-carousel-shortcode-id-5deee365535885766074edb96a790bc0.reposition-arrows .owl-nav div.owl-next {\n    top: 50%;\n    transform: translateY(calc(-50% + 0px));\n    right: 10px;\n  }\n}\n@media screen and (max-width: 778px) and all and (-ms-high-contrast: none) {\n  .gallery-carousel-shortcode.gallery-carousel-shortcode-id-5deee365535885766074edb96a790bc0.reposition-arrows .owl-nav div.owl-prev {\n    transform: translateY(-50%);\n    margin-top: 0px;\n  }\n}\n@media screen and (max-width: 778px) and all and (-ms-high-contrast: none) {\n  .gallery-carousel-shortcode.gallery-carousel-shortcode-id-5deee365535885766074edb96a790bc0.reposition-arrows .owl-nav div.owl-next {\n    transform: translateY(-50%);\n    margin-top: 0px;\n  }\n}\n.gallery-carousel-shortcode.gallery-carousel-shortcode-id-5deee365535885766074edb96a790bc0 figure,\n.gallery-carousel-shortcode.gallery-carousel-shortcode-id-5deee365535885766074edb96a790bc0 .rollover,\n.gallery-carousel-shortcode.gallery-carousel-shortcode-id-5deee365535885766074edb96a790bc0 img,\n.gallery-carousel-shortcode.gallery-carousel-shortcode-id-5deee365535885766074edb96a790bc0 .gallery-rollover {\n  border-radius: 0px;\n}\n.gallery-carousel-shortcode.gallery-carousel-shortcode-id-5deee365535885766074edb96a790bc0.enable-bg-rollover .gallery-rollover {\n  background: -webkit-linear-gradient();\n  background: linear-gradient();\n}\n.gallery-carousel-shortcode.gallery-carousel-shortcode-id-5deee365535885766074edb96a790bc0.enable-img-shadow .owl-stage-outer {\n  padding: 4px 0;\n}\n.gallery-carousel-shortcode.gallery-carousel-shortcode-id-5deee365535885766074edb96a790bc0.enable-bg-rollover.hover-scale figure .rollover:after {\n  background: -webkit-linear-gradient();\n  background: linear-gradient();\n}\n.gallery-carousel-shortcode.gallery-carousel-shortcode-id-5deee365535885766074edb96a790bc0.gallery-shortcode .gallery-zoom-ico {\n  width: 44px;\n  height: 44px;\n  line-height: 44px;\n  border-radius: 100px;\n  margin: -22px 0 0 -22px;\n  border-width: 0px;\n}\n.dt-icon-bg-on.gallery-carousel-shortcode.gallery-carousel-shortcode-id-5deee365535885766074edb96a790bc0.gallery-shortcode .gallery-zoom-ico {\n  background: rgba(255,255,255,0.3);\n  box-shadow: none;\n}\n.gallery-carousel-shortcode.gallery-carousel-shortcode-id-5deee365535885766074edb96a790bc0.gallery-shortcode .gallery-zoom-ico:before,\n.gallery-carousel-shortcode.gallery-carousel-shortcode-id-5deee365535885766074edb96a790bc0.gallery-shortcode .gallery-zoom-ico span {\n  font-size: 32px;\n  line-height: 44px;\n  color: #ffffff;\n  background: none;\n}<\/style><div class=\"owl-carousel gallery-carousel-shortcode gallery-shortcode  dt-gallery-container dt-owl-carousel-call gallery-carousel-shortcode-id-5deee365535885766074edb96a790bc0 quick-scale-img meta-info-off bullets-small-dot-stroke reposition-arrows dt-icon-bg-off arrows-bg-off disable-arrows-hover-bg arrows-hover-bg-off  hover-fade \" data-scroll-mode=\"1\" data-col-num=\"3\" data-wide-col-num=\"3\" data-laptop-col=\"3\" data-h-tablet-columns-num=\"3\" data-v-tablet-columns-num=\"3\" data-phone-columns-num=\"1\" data-col-gap=\"0\" data-stage-padding=\"0\" data-speed=\"600\" data-autoplay=\"true\" data-autoplay_speed=\"6000\" data-arrows=\"true\" data-bullet=\"false\" data-next-icon=\"icon-ar-018-r\" data-prev-icon=\"icon-ar-018-l\" data-img-shadow-size=\"12px\" data-img-shadow-spread=\"3px\"><div data-post-id=\"286\" data-date=\"2026-02-16T13:30:52+00:00\" data-name=\"Pessigolles_carrusel 2\"><figure class=\"post\"><a href=\"https:\/\/www.lespessigolles.cat\/wp-content\/uploads\/2026\/02\/Pessigolles_carrusel-2.webp\" class=\"rollover dt-pswp-item layzr-bg\" data-large_image_width=\"583\" data-large_image_height=\"472\" data-dt-img-description=\"\" title=\"Pessigolles_carrusel 2\"><img fetchpriority=\"high\" decoding=\"async\" class=\"preload-me owl-lazy-load aspect\" src=\"data:image\/svg+xml,%3Csvg%20xmlns%3D&#39;http%3A%2F%2Fwww.w3.org%2F2000%2Fsvg&#39;%20viewBox%3D&#39;0%200%20472%20472&#39;%2F%3E\" data-src=\"https:\/\/www.lespessigolles.cat\/wp-content\/uploads\/2026\/02\/Pessigolles_carrusel-2-472x472.webp\" data-srcset=\"https:\/\/www.lespessigolles.cat\/wp-content\/uploads\/2026\/02\/Pessigolles_carrusel-2-472x472.webp 472w\" loading=\"eager\" style=\"--ratio: 472 \/ 472\" sizes=\"(max-width: 472px) 100vw, 472px\" alt=\"\" width=\"472\" height=\"472\"  \/><span class=\"gallery-rollover\"><\/span><\/a><\/figure><\/div><div data-post-id=\"285\" data-date=\"2026-02-16T13:30:52+00:00\" data-name=\"Pessigolles_carrusel 1\"><figure class=\"post\"><a href=\"https:\/\/www.lespessigolles.cat\/wp-content\/uploads\/2026\/02\/Pessigolles_carrusel-1.webp\" class=\"rollover dt-pswp-item layzr-bg\" data-large_image_width=\"583\" data-large_image_height=\"471\" data-dt-img-description=\"\" title=\"Pessigolles_carrusel 1\"><img decoding=\"async\" class=\"preload-me owl-lazy-load aspect\" src=\"data:image\/svg+xml,%3Csvg%20xmlns%3D&#39;http%3A%2F%2Fwww.w3.org%2F2000%2Fsvg&#39;%20viewBox%3D&#39;0%200%20471%20471&#39;%2F%3E\" data-src=\"https:\/\/www.lespessigolles.cat\/wp-content\/uploads\/2026\/02\/Pessigolles_carrusel-1-471x471.webp\" data-srcset=\"https:\/\/www.lespessigolles.cat\/wp-content\/uploads\/2026\/02\/Pessigolles_carrusel-1-471x471.webp 471w\" loading=\"eager\" style=\"--ratio: 471 \/ 471\" sizes=\"(max-width: 471px) 100vw, 471px\" alt=\"\" width=\"471\" height=\"471\"  \/><span class=\"gallery-rollover\"><\/span><\/a><\/figure><\/div><div data-post-id=\"287\" data-date=\"2026-02-16T13:30:52+00:00\" data-name=\"Pessigolles_carrusel 3\"><figure class=\"post\"><a href=\"https:\/\/www.lespessigolles.cat\/wp-content\/uploads\/2026\/02\/Pessigolles_carrusel-3.webp\" class=\"rollover dt-pswp-item layzr-bg\" data-large_image_width=\"583\" data-large_image_height=\"472\" data-dt-img-description=\"\" title=\"Pessigolles_carrusel 3\"><img decoding=\"async\" class=\"preload-me owl-lazy-load aspect\" src=\"data:image\/svg+xml,%3Csvg%20xmlns%3D&#39;http%3A%2F%2Fwww.w3.org%2F2000%2Fsvg&#39;%20viewBox%3D&#39;0%200%20472%20472&#39;%2F%3E\" data-src=\"https:\/\/www.lespessigolles.cat\/wp-content\/uploads\/2026\/02\/Pessigolles_carrusel-3-472x472.webp\" data-srcset=\"https:\/\/www.lespessigolles.cat\/wp-content\/uploads\/2026\/02\/Pessigolles_carrusel-3-472x472.webp 472w\" loading=\"eager\" style=\"--ratio: 472 \/ 472\" sizes=\"(max-width: 472px) 100vw, 472px\" alt=\"\" width=\"472\" height=\"472\"  \/><span class=\"gallery-rollover\"><\/span><\/a><\/figure><\/div><div data-post-id=\"292\" data-date=\"2026-02-16T13:46:07+00:00\" data-name=\"Pessigolles_carrusel 8\"><figure class=\"post\"><a href=\"https:\/\/www.lespessigolles.cat\/wp-content\/uploads\/2026\/02\/Pessigolles_carrusel-8.webp\" class=\"rollover dt-pswp-item layzr-bg\" data-large_image_width=\"583\" data-large_image_height=\"472\" data-dt-img-description=\"\" title=\"Pessigolles_carrusel 8\"><img decoding=\"async\" class=\"preload-me owl-lazy-load aspect\" src=\"data:image\/svg+xml,%3Csvg%20xmlns%3D&#39;http%3A%2F%2Fwww.w3.org%2F2000%2Fsvg&#39;%20viewBox%3D&#39;0%200%20472%20472&#39;%2F%3E\" data-src=\"https:\/\/www.lespessigolles.cat\/wp-content\/uploads\/2026\/02\/Pessigolles_carrusel-8-472x472.webp\" data-srcset=\"https:\/\/www.lespessigolles.cat\/wp-content\/uploads\/2026\/02\/Pessigolles_carrusel-8-472x472.webp 472w\" loading=\"eager\" style=\"--ratio: 472 \/ 472\" sizes=\"(max-width: 472px) 100vw, 472px\" alt=\"\" width=\"472\" height=\"472\"  \/><span class=\"gallery-rollover\"><\/span><\/a><\/figure><\/div><div data-post-id=\"288\" data-date=\"2026-02-16T13:46:06+00:00\" data-name=\"Pessigolles_carrusel 4\"><figure class=\"post\"><a href=\"https:\/\/www.lespessigolles.cat\/wp-content\/uploads\/2026\/02\/Pessigolles_carrusel-4.webp\" class=\"rollover dt-pswp-item layzr-bg\" data-large_image_width=\"583\" data-large_image_height=\"472\" data-dt-img-description=\"\" title=\"Pessigolles_carrusel 4\"><img decoding=\"async\" class=\"preload-me owl-lazy-load aspect\" src=\"data:image\/svg+xml,%3Csvg%20xmlns%3D&#39;http%3A%2F%2Fwww.w3.org%2F2000%2Fsvg&#39;%20viewBox%3D&#39;0%200%20472%20472&#39;%2F%3E\" data-src=\"https:\/\/www.lespessigolles.cat\/wp-content\/uploads\/2026\/02\/Pessigolles_carrusel-4-472x472.webp\" data-srcset=\"https:\/\/www.lespessigolles.cat\/wp-content\/uploads\/2026\/02\/Pessigolles_carrusel-4-472x472.webp 472w\" loading=\"eager\" style=\"--ratio: 472 \/ 472\" sizes=\"(max-width: 472px) 100vw, 472px\" alt=\"\" width=\"472\" height=\"472\"  \/><span class=\"gallery-rollover\"><\/span><\/a><\/figure><\/div><div data-post-id=\"289\" data-date=\"2026-02-16T13:46:07+00:00\" data-name=\"Pessigolles_carrusel 5\"><figure class=\"post\"><a href=\"https:\/\/www.lespessigolles.cat\/wp-content\/uploads\/2026\/02\/Pessigolles_carrusel-5.webp\" class=\"rollover dt-pswp-item layzr-bg\" data-large_image_width=\"583\" data-large_image_height=\"472\" data-dt-img-description=\"\" title=\"Pessigolles_carrusel 5\"><img decoding=\"async\" class=\"preload-me owl-lazy-load aspect\" src=\"data:image\/svg+xml,%3Csvg%20xmlns%3D&#39;http%3A%2F%2Fwww.w3.org%2F2000%2Fsvg&#39;%20viewBox%3D&#39;0%200%20472%20472&#39;%2F%3E\" data-src=\"https:\/\/www.lespessigolles.cat\/wp-content\/uploads\/2026\/02\/Pessigolles_carrusel-5-472x472.webp\" data-srcset=\"https:\/\/www.lespessigolles.cat\/wp-content\/uploads\/2026\/02\/Pessigolles_carrusel-5-472x472.webp 472w\" loading=\"eager\" style=\"--ratio: 472 \/ 472\" sizes=\"(max-width: 472px) 100vw, 472px\" alt=\"\" width=\"472\" height=\"472\"  \/><span class=\"gallery-rollover\"><\/span><\/a><\/figure><\/div><div data-post-id=\"290\" data-date=\"2026-02-16T13:46:07+00:00\" data-name=\"Pessigolles_carrusel 6\"><figure class=\"post\"><a href=\"https:\/\/www.lespessigolles.cat\/wp-content\/uploads\/2026\/02\/Pessigolles_carrusel-6.webp\" class=\"rollover dt-pswp-item layzr-bg\" data-large_image_width=\"583\" data-large_image_height=\"472\" data-dt-img-description=\"\" title=\"Pessigolles_carrusel 6\"><img decoding=\"async\" class=\"preload-me owl-lazy-load aspect\" src=\"data:image\/svg+xml,%3Csvg%20xmlns%3D&#39;http%3A%2F%2Fwww.w3.org%2F2000%2Fsvg&#39;%20viewBox%3D&#39;0%200%20472%20472&#39;%2F%3E\" data-src=\"https:\/\/www.lespessigolles.cat\/wp-content\/uploads\/2026\/02\/Pessigolles_carrusel-6-472x472.webp\" data-srcset=\"https:\/\/www.lespessigolles.cat\/wp-content\/uploads\/2026\/02\/Pessigolles_carrusel-6-472x472.webp 472w\" loading=\"eager\" style=\"--ratio: 472 \/ 472\" sizes=\"(max-width: 472px) 100vw, 472px\" alt=\"\" width=\"472\" height=\"472\"  \/><span class=\"gallery-rollover\"><\/span><\/a><\/figure><\/div><div data-post-id=\"291\" data-date=\"2026-02-16T13:46:07+00:00\" data-name=\"Pessigolles_carrusel 7\"><figure class=\"post\"><a href=\"https:\/\/www.lespessigolles.cat\/wp-content\/uploads\/2026\/02\/Pessigolles_carrusel-7.webp\" class=\"rollover dt-pswp-item layzr-bg\" data-large_image_width=\"583\" data-large_image_height=\"472\" data-dt-img-description=\"\" title=\"Pessigolles_carrusel 7\"><img decoding=\"async\" class=\"preload-me owl-lazy-load aspect\" src=\"data:image\/svg+xml,%3Csvg%20xmlns%3D&#39;http%3A%2F%2Fwww.w3.org%2F2000%2Fsvg&#39;%20viewBox%3D&#39;0%200%20472%20472&#39;%2F%3E\" data-src=\"https:\/\/www.lespessigolles.cat\/wp-content\/uploads\/2026\/02\/Pessigolles_carrusel-7-472x472.webp\" data-srcset=\"https:\/\/www.lespessigolles.cat\/wp-content\/uploads\/2026\/02\/Pessigolles_carrusel-7-472x472.webp 472w\" loading=\"eager\" style=\"--ratio: 472 \/ 472\" sizes=\"(max-width: 472px) 100vw, 472px\" alt=\"\" width=\"472\" height=\"472\"  \/><span class=\"gallery-rollover\"><\/span><\/a><\/figure><\/div><\/div>[\/vc_column][\/vc_row]<\/p>\n<\/div>","protected":false},"excerpt":{"rendered":"<p>[vc_row full_width=\u00bbstretch_row_content_no_spaces\u00bb bg_type=\u00bbimage\u00bb parallax_style=\u00bbvcpb-default\u00bb bg_image_new=\u00bbid^193|url^http:\/\/www.lespessigolles.cat\/wp-content\/uploads\/2026\/02\/Les-pessigolles-portada-mobil.webp|caption^null|alt^null|title^Les pessigolles &#8211; portada mobil|description^null\u00bb bg_image_repeat=\u00bbno-repeat\u00bb ult_hide_row=\u00bbult_hide_row_value\u00bb ult_hide_row_large_screen=\u00bblarge_screen\u00bb ult_hide_row_desktop=\u00bbdesktop\u00bb ult_hide_row_tablet=\u00bbtablet\u00bb ult_hide_row_tablet_small=\u00bbxs_tablet\u00bb ult_hide_row_mobile_large=\u00bbxl_mobile\u00bb css=\u00bb.vc_custom_1771422845836{padding-top: 300px !important;padding-bottom: 300px !important;}\u00bb el_id=\u00bbm\u00f3vil\u00bb][vc_column][\/vc_column][\/vc_row][vc_row css=\u00bb.vc_custom_1771234242858{margin-bottom: 50px !important;}\u00bb][vc_column][vc_column_text css=\u00bb\u00bb] M\u00fasica en directo para hacer re\u00edr, bailar y cantar a todas las familias [\/vc_column_text][vc_column_text css=\u00bb\u00bb] Les Pessigolles somos cuatro m\u00fasicas con una misi\u00f3n clara: convertir cada concierto en una&hellip;<\/p>\n","protected":false},"author":2,"featured_media":0,"parent":0,"menu_order":0,"comment_status":"closed","ping_status":"closed","template":"","meta":{"footnotes":""},"class_list":["post-282","page","type-page","status-publish","hentry","description-off"],"_links":{"self":[{"href":"https:\/\/www.lespessigolles.cat\/es\/wp-json\/wp\/v2\/pages\/282","targetHints":{"allow":["GET"]}}],"collection":[{"href":"https:\/\/www.lespessigolles.cat\/es\/wp-json\/wp\/v2\/pages"}],"about":[{"href":"https:\/\/www.lespessigolles.cat\/es\/wp-json\/wp\/v2\/types\/page"}],"author":[{"embeddable":true,"href":"https:\/\/www.lespessigolles.cat\/es\/wp-json\/wp\/v2\/users\/2"}],"replies":[{"embeddable":true,"href":"https:\/\/www.lespessigolles.cat\/es\/wp-json\/wp\/v2\/comments?post=282"}],"version-history":[{"count":5,"href":"https:\/\/www.lespessigolles.cat\/es\/wp-json\/wp\/v2\/pages\/282\/revisions"}],"predecessor-version":[{"id":323,"href":"https:\/\/www.lespessigolles.cat\/es\/wp-json\/wp\/v2\/pages\/282\/revisions\/323"}],"wp:attachment":[{"href":"https:\/\/www.lespessigolles.cat\/es\/wp-json\/wp\/v2\/media?parent=282"}],"curies":[{"name":"wp","href":"https:\/\/api.w.org\/{rel}","templated":true}]}}