{"id":297,"date":"2026-02-24T13:05:57","date_gmt":"2026-02-24T13:05:57","guid":{"rendered":"https:\/\/www.lespessigolles.cat\/condiciones-de-compra\/"},"modified":"2026-02-24T13:20:26","modified_gmt":"2026-02-24T13:20:26","slug":"condiciones-de-compra","status":"publish","type":"page","link":"https:\/\/www.lespessigolles.cat\/es\/condiciones-de-compra\/","title":{"rendered":"Condiciones de compra"},"content":{"rendered":"<div class=\"wpb-content-wrapper\"><p>[vc_row][vc_column width=\u00bb1\/6&#8243;][\/vc_column][vc_column width=\u00bb2\/3&#8243;][vc_column_text css=\u00bb\u00bb]<\/p>\n<h2 data-start=\"4215\" data-end=\"4228\">1. Objeto<\/h2>\n<p data-start=\"4230\" data-end=\"4337\">Las presentes condiciones regulan la venta de productos a trav\u00e9s del sitio web <a class=\"decorated-link\" href=\"https:\/\/www.lespessigolles.cat\/es\/\" target=\"_new\" rel=\"noopener\" data-start=\"4306\" data-end=\"4336\">https:\/\/www.lespessigolles.cat<\/a>.<\/p>\n<p data-start=\"4339\" data-end=\"4403\">Al realizar un pedido, el cliente acepta estas condiciones.<\/p>\n<h2 data-start=\"4410\" data-end=\"4432\">2. Proceso de compra<\/h2>\n<p data-start=\"4434\" data-end=\"4477\">El proceso de compra se realiza mediante:<\/p>\n<ol data-start=\"4479\" data-end=\"4628\">\n<li data-start=\"4479\" data-end=\"4504\">\n<p data-start=\"4482\" data-end=\"4504\">Selecci\u00f3n de productos.<\/p>\n<\/li>\n<li data-start=\"4505\" data-end=\"4526\">\n<p data-start=\"4508\" data-end=\"4526\">A\u00f1adir al carrito.<\/p>\n<\/li>\n<li data-start=\"4527\" data-end=\"4577\">\n<p data-start=\"4530\" data-end=\"4577\">Introducci\u00f3n de datos de facturaci\u00f3n y env\u00edo.<\/p>\n<\/li>\n<li data-start=\"4578\" data-end=\"4590\">\n<p data-start=\"4581\" data-end=\"4590\">Pago.<\/p>\n<\/li>\n<li data-start=\"4591\" data-end=\"4628\">\n<p data-start=\"4594\" data-end=\"4628\">Confirmaci\u00f3n por correo electr\u00f3nico.<\/p>\n<\/li>\n<\/ol>\n<p data-start=\"4630\" data-end=\"4667\">El contrato se formaliza en catal\u00e1n.<\/p>\n<h2 data-start=\"4674\" data-end=\"4685\">3. Precios<\/h2>\n<ul data-start=\"4687\" data-end=\"4838\">\n<li data-start=\"4687\" data-end=\"4717\">\n<p data-start=\"4689\" data-end=\"4717\">Todos los precios incluyen IVA.<\/p>\n<\/li>\n<li data-start=\"4718\" data-end=\"4786\">\n<p data-start=\"4720\" data-end=\"4786\">Los gastos de env\u00edo se indican antes de finalizar la compra.<\/p>\n<\/li>\n<li data-start=\"4787\" data-end=\"4838\">\n<p data-start=\"4789\" data-end=\"4838\">El titular se reserva el derecho de modificar los precios.<\/p>\n<\/li>\n<\/ul>\n<h2 data-start=\"4845\" data-end=\"4859\">4. Pago<\/h2>\n<p data-start=\"4861\" data-end=\"4931\">El pago se realiza mediante las plataformas habilitadas en la web.<\/p>\n<p data-start=\"4933\" data-end=\"4987\">La transacci\u00f3n se realiza a trav\u00e9s de sistemas seguros.<\/p>\n<h2 data-start=\"4994\" data-end=\"5010\">5. Env\u00edos<\/h2>\n<p data-start=\"5012\" data-end=\"5074\">Los env\u00edos se realizan dentro del territorio indicado en la web.<\/p>\n<p data-start=\"5076\" data-end=\"5160\">Los plazos de entrega son orientativos y pueden variar por causas ajenas al titular.<\/p>\n<h2 data-start=\"5167\" data-end=\"5192\">6. Derecho de desistimiento<\/h2>\n<p data-start=\"5194\" data-end=\"5328\">De acuerdo con la normativa vigente, el cliente dispone de <strong data-start=\"5248\" data-end=\"5268\">14 d\u00edas naturales<\/strong> para desistir de la compra sin necesidad de justificaci\u00f3n.<\/p>\n<p data-start=\"5330\" data-end=\"5410\">Para ejercer el derecho de desistimiento es necesario comunicarlo a:<br data-start=\"5384\" data-end=\"5387\"><a class=\"decorated-link cursor-pointer\" rel=\"noopener\" data-start=\"5387\" data-end=\"5410\">info@lespessigolles.cat<\/a><\/p>\n<p data-start=\"5412\" data-end=\"5483\">El producto deber\u00e1 estar en perfecto estado y con el embalaje original.<\/p>\n<p data-start=\"5485\" data-end=\"5576\">Los gastos de devoluci\u00f3n correr\u00e1n a cargo del cliente, excepto en caso de producto defectuoso.<\/p>\n<h2 data-start=\"5583\" data-end=\"5610\">7. Productos defectuosos<\/h2>\n<p data-start=\"5612\" data-end=\"5737\">En caso de producto defectuoso, el titular proceder\u00e1 a la reparaci\u00f3n, sustituci\u00f3n o devoluci\u00f3n del importe sin coste adicional.<\/p>\n<h2 data-start=\"5744\" data-end=\"5773\">8. Resoluci\u00f3n de conflictos<\/h2>\n<p data-start=\"5775\" data-end=\"5916\">Seg\u00fan la normativa europea, el consumidor puede acudir a la plataforma de resoluci\u00f3n de litigios en l\u00ednea:<br data-start=\"5878\" data-end=\"5881\"><a class=\"decorated-link cursor-pointer\" target=\"_new\" rel=\"noopener\" data-start=\"5881\" data-end=\"5916\">https:\/\/ec.europa.eu\/consumers\/odr\/<\/a><\/p>\n<p>[\/vc_column_text][\/vc_column][vc_column width=\u00bb1\/6&#8243;][\/vc_column][\/vc_row]<\/p>\n<\/div>","protected":false},"excerpt":{"rendered":"<p>[vc_row][vc_column width=\u00bb1\/6&#8243;][\/vc_column][vc_column width=\u00bb2\/3&#8243;][vc_column_text css=\u00bb\u00bb] 1. Objeto Las presentes condiciones regulan la venta de productos a trav\u00e9s del sitio web https:\/\/www.lespessigolles.cat. Al realizar un pedido, el cliente acepta estas condiciones. 2. Proceso de compra El proceso de compra se realiza mediante: Selecci\u00f3n de productos. A\u00f1adir al carrito. Introducci\u00f3n de datos de facturaci\u00f3n y env\u00edo. Pago. Confirmaci\u00f3n&hellip;<\/p>\n","protected":false},"author":1,"featured_media":0,"parent":0,"menu_order":0,"comment_status":"closed","ping_status":"closed","template":"","meta":{"footnotes":""},"class_list":["post-297","page","type-page","status-publish","hentry","description-off"],"_links":{"self":[{"href":"https:\/\/www.lespessigolles.cat\/es\/wp-json\/wp\/v2\/pages\/297","targetHints":{"allow":["GET"]}}],"collection":[{"href":"https:\/\/www.lespessigolles.cat\/es\/wp-json\/wp\/v2\/pages"}],"about":[{"href":"https:\/\/www.lespessigolles.cat\/es\/wp-json\/wp\/v2\/types\/page"}],"author":[{"embeddable":true,"href":"https:\/\/www.lespessigolles.cat\/es\/wp-json\/wp\/v2\/users\/1"}],"replies":[{"embeddable":true,"href":"https:\/\/www.lespessigolles.cat\/es\/wp-json\/wp\/v2\/comments?post=297"}],"version-history":[{"count":2,"href":"https:\/\/www.lespessigolles.cat\/es\/wp-json\/wp\/v2\/pages\/297\/revisions"}],"predecessor-version":[{"id":299,"href":"https:\/\/www.lespessigolles.cat\/es\/wp-json\/wp\/v2\/pages\/297\/revisions\/299"}],"wp:attachment":[{"href":"https:\/\/www.lespessigolles.cat\/es\/wp-json\/wp\/v2\/media?parent=297"}],"curies":[{"name":"wp","href":"https:\/\/api.w.org\/{rel}","templated":true}]}}