{"id":306,"date":"2026-02-24T13:05:20","date_gmt":"2026-02-24T13:05:20","guid":{"rendered":"https:\/\/www.lespessigolles.cat\/aviso-legal\/"},"modified":"2026-02-24T13:21:39","modified_gmt":"2026-02-24T13:21:39","slug":"aviso-legal","status":"publish","type":"page","link":"https:\/\/www.lespessigolles.cat\/es\/aviso-legal\/","title":{"rendered":"Aviso legal"},"content":{"rendered":"<div class=\"wpb-content-wrapper\"><p>[vc_row][vc_column width=\u00bb1\/6&#8243;][\/vc_column][vc_column width=\u00bb2\/3&#8243;][vc_column_text css=\u00bb\u00bb]<\/p>\n<h2 data-start=\"394\" data-end=\"421\">1. Datos identificativos<\/h2>\n<p data-start=\"423\" data-end=\"600\">En cumplimiento con el deber de informaci\u00f3n establecido en el art\u00edculo 10 de la Ley 34\/2002, de Servicios de la Sociedad de la Informaci\u00f3n y del Comercio Electr\u00f3nico (LSSI-CE), se informa que:<\/p>\n<p data-start=\"602\" data-end=\"860\"><strong data-start=\"602\" data-end=\"614\">Titular:<\/strong> ENRIC CANOSA CANTALOZELLA<br data-start=\"640\" data-end=\"643\"><strong data-start=\"643\" data-end=\"651\">NIF:<\/strong> 40358576Q<br data-start=\"661\" data-end=\"664\"><strong data-start=\"664\" data-end=\"677\">Domicilio:<\/strong> C\/ Marina, 128, 17244 Cass\u00e0 de la Selva (Girona), Espa\u00f1a<br data-start=\"735\" data-end=\"738\"><strong data-start=\"738\" data-end=\"750\">Tel\u00e9fono:<\/strong> 607 283 992<br data-start=\"762\" data-end=\"765\"><strong data-start=\"765\" data-end=\"787\">Correo electr\u00f3nico:<\/strong> <a class=\"decorated-link cursor-pointer\" rel=\"noopener\" data-start=\"788\" data-end=\"811\">info@lespessigolles.cat<\/a><br data-start=\"811\" data-end=\"814\"><strong data-start=\"814\" data-end=\"827\">Sitio web:<\/strong> <a class=\"decorated-link\" href=\"https:\/\/www.lespessigolles.cat\/es\/\" target=\"_new\" rel=\"noopener\" data-start=\"828\" data-end=\"858\">https:\/\/www.lespessigolles.cat<\/a><\/p>\n<h2 data-start=\"867\" data-end=\"880\">2. Objeto<\/h2>\n<p data-start=\"882\" data-end=\"984\">Este sitio web tiene como finalidad la venta online de productos a trav\u00e9s de la plataforma WooCommerce.<\/p>\n<p data-start=\"986\" data-end=\"1145\">La navegaci\u00f3n por el sitio web atribuye la condici\u00f3n de usuario e implica la aceptaci\u00f3n plena y sin reservas de todas las disposiciones incluidas en este Aviso Legal.<\/p>\n<h2 data-start=\"1152\" data-end=\"1173\">3. Condiciones de uso<\/h2>\n<p data-start=\"1175\" data-end=\"1271\">El usuario se compromete a hacer un uso adecuado de los contenidos del sitio web y a no utilizarlos para:<\/p>\n<ul data-start=\"1273\" data-end=\"1465\">\n<li data-start=\"1273\" data-end=\"1335\">\n<p data-start=\"1275\" data-end=\"1335\">Incurrir en actividades il\u00edcitas o contrarias a la buena fe.<\/p>\n<\/li>\n<li data-start=\"1336\" data-end=\"1403\">\n<p data-start=\"1338\" data-end=\"1403\">Difundir contenidos racistas, xen\u00f3fobos, pornogr\u00e1ficos o ilegales.<\/p>\n<\/li>\n<li data-start=\"1404\" data-end=\"1465\">\n<p data-start=\"1406\" data-end=\"1465\">Provocar da\u00f1os en los sistemas f\u00edsicos o l\u00f3gicos del titular.<\/p>\n<\/li>\n<\/ul>\n<p data-start=\"1467\" data-end=\"1592\">El titular se reserva el derecho de retirar cualquier comentario o aportaci\u00f3n que vulnere el respeto a la dignidad de la persona.<\/p>\n<h2 data-start=\"1599\" data-end=\"1641\">4. Propiedad intelectual e industrial<\/h2>\n<p data-start=\"1643\" data-end=\"1808\">Todos los contenidos del sitio web (textos, im\u00e1genes, dise\u00f1o, logotipos, c\u00f3digo fuente, etc.) son titularidad del responsable o dispone de los derechos necesarios para su uso.<\/p>\n<p data-start=\"1810\" data-end=\"1904\">Queda prohibida la reproducci\u00f3n, distribuci\u00f3n o comunicaci\u00f3n p\u00fablica sin autorizaci\u00f3n expresa.<\/p>\n<h2 data-start=\"1911\" data-end=\"1932\">5. Responsabilidad<\/h2>\n<p data-start=\"1934\" data-end=\"1989\">El titular no se hace responsable de los da\u00f1os derivados de:<\/p>\n<ul data-start=\"1991\" data-end=\"2116\">\n<li data-start=\"1991\" data-end=\"2035\">\n<p data-start=\"1993\" data-end=\"2035\">Errores t\u00e9cnicos o interrupciones del servicio.<\/p>\n<\/li>\n<li data-start=\"2036\" data-end=\"2067\">\n<p data-start=\"2038\" data-end=\"2067\">Virus o programas maliciosos.<\/p>\n<\/li>\n<li data-start=\"2068\" data-end=\"2116\">\n<p data-start=\"2070\" data-end=\"2116\">Uso indebido del sitio web por parte de los usuarios.<\/p>\n<\/li>\n<\/ul>\n<h2 data-start=\"2123\" data-end=\"2149\">6. Legislaci\u00f3n aplicable<\/h2>\n<p data-start=\"2151\" data-end=\"2304\">Este sitio web se rige por la legislaci\u00f3n espa\u00f1ola.<br data-start=\"2205\" data-end=\"2208\">En caso de conflicto, las partes se someter\u00e1n a los Juzgados y Tribunales del domicilio del consumidor.<\/p>\n<p>[\/vc_column_text][\/vc_column][vc_column width=\u00bb1\/6&#8243;][\/vc_column][\/vc_row]<\/p>\n<\/div>","protected":false},"excerpt":{"rendered":"<p>[vc_row][vc_column width=\u00bb1\/6&#8243;][\/vc_column][vc_column width=\u00bb2\/3&#8243;][vc_column_text css=\u00bb\u00bb] 1. Datos identificativos En cumplimiento con el deber de informaci\u00f3n establecido en el art\u00edculo 10 de la Ley 34\/2002, de Servicios de la Sociedad de la Informaci\u00f3n y del Comercio Electr\u00f3nico (LSSI-CE), se informa que: Titular: ENRIC CANOSA CANTALOZELLANIF: 40358576QDomicilio: C\/ Marina, 128, 17244 Cass\u00e0 de la Selva (Girona), Espa\u00f1aTel\u00e9fono: 607&hellip;<\/p>\n","protected":false},"author":1,"featured_media":0,"parent":0,"menu_order":0,"comment_status":"closed","ping_status":"closed","template":"","meta":{"footnotes":""},"class_list":["post-306","page","type-page","status-publish","hentry","description-off"],"_links":{"self":[{"href":"https:\/\/www.lespessigolles.cat\/es\/wp-json\/wp\/v2\/pages\/306","targetHints":{"allow":["GET"]}}],"collection":[{"href":"https:\/\/www.lespessigolles.cat\/es\/wp-json\/wp\/v2\/pages"}],"about":[{"href":"https:\/\/www.lespessigolles.cat\/es\/wp-json\/wp\/v2\/types\/page"}],"author":[{"embeddable":true,"href":"https:\/\/www.lespessigolles.cat\/es\/wp-json\/wp\/v2\/users\/1"}],"replies":[{"embeddable":true,"href":"https:\/\/www.lespessigolles.cat\/es\/wp-json\/wp\/v2\/comments?post=306"}],"version-history":[{"count":3,"href":"https:\/\/www.lespessigolles.cat\/es\/wp-json\/wp\/v2\/pages\/306\/revisions"}],"predecessor-version":[{"id":309,"href":"https:\/\/www.lespessigolles.cat\/es\/wp-json\/wp\/v2\/pages\/306\/revisions\/309"}],"wp:attachment":[{"href":"https:\/\/www.lespessigolles.cat\/es\/wp-json\/wp\/v2\/media?parent=306"}],"curies":[{"name":"wp","href":"https:\/\/api.w.org\/{rel}","templated":true}]}}