{"id":310,"date":"2025-12-10T09:31:35","date_gmt":"2025-12-10T09:31:35","guid":{"rendered":"https:\/\/www.lespessigolles.cat\/politica-de-privacidad\/"},"modified":"2026-02-24T13:24:18","modified_gmt":"2026-02-24T13:24:18","slug":"politica-de-privacidad","status":"publish","type":"page","link":"https:\/\/www.lespessigolles.cat\/es\/politica-de-privacidad\/","title":{"rendered":"Pol\u00edtica de privacidad"},"content":{"rendered":"<div class=\"wpb-content-wrapper\"><p>[vc_row][vc_column width=\u00bb1\/6&#8243;][\/vc_column][vc_column width=\u00bb2\/3&#8243;][vc_column_text css=\u00bb\u00bb]<\/p>\n<h2 data-start=\"2337\" data-end=\"2369\">1. Responsable del tratamiento<\/h2>\n<p data-start=\"2371\" data-end=\"2502\"><strong data-start=\"2371\" data-end=\"2400\">ENRIC CANOSA CANTALOZELLA<\/strong><br data-start=\"2400\" data-end=\"2403\">NIF: 40358576Q<br data-start=\"2417\" data-end=\"2420\">Direcci\u00f3n: C\/ Marina, 128, 17244 Cass\u00e0 de la Selva<br data-start=\"2467\" data-end=\"2470\">Email: <a class=\"decorated-link cursor-pointer\" rel=\"noopener\" data-start=\"2477\" data-end=\"2500\">info@lespessigolles.cat<\/a><\/p>\n<h2 data-start=\"2509\" data-end=\"2539\">2. Finalidad del tratamiento<\/h2>\n<p data-start=\"2541\" data-end=\"2613\">Los datos personales recogidos a trav\u00e9s de la web ser\u00e1n utilizados para:<\/p>\n<ul data-start=\"2615\" data-end=\"2863\">\n<li data-start=\"2615\" data-end=\"2652\">\n<p data-start=\"2617\" data-end=\"2652\">Gestionar pedidos y ventas online.<\/p>\n<\/li>\n<li data-start=\"2653\" data-end=\"2675\">\n<p data-start=\"2655\" data-end=\"2675\">Gestionar pagos.<\/p>\n<\/li>\n<li data-start=\"2676\" data-end=\"2726\">\n<p data-start=\"2678\" data-end=\"2726\">Enviar comunicaciones relacionadas con la compra.<\/p>\n<\/li>\n<li data-start=\"2727\" data-end=\"2747\">\n<p data-start=\"2729\" data-end=\"2747\">Atender consultas.<\/p>\n<\/li>\n<li data-start=\"2748\" data-end=\"2812\">\n<p data-start=\"2750\" data-end=\"2812\">Env\u00edo de comunicaciones comerciales (si hay consentimiento).<\/p>\n<\/li>\n<li data-start=\"2813\" data-end=\"2863\">\n<p data-start=\"2815\" data-end=\"2863\">An\u00e1lisis estad\u00edstico mediante Google Analytics.<\/p>\n<\/li>\n<\/ul>\n<h2 data-start=\"2870\" data-end=\"2889\">3. Base jur\u00eddica<\/h2>\n<p data-start=\"2891\" data-end=\"2926\">La base legal para el tratamiento es:<\/p>\n<ul data-start=\"2928\" data-end=\"3078\">\n<li data-start=\"2928\" data-end=\"2969\">\n<p data-start=\"2930\" data-end=\"2969\">Ejecuci\u00f3n de un contrato de compraventa.<\/p>\n<\/li>\n<li data-start=\"2970\" data-end=\"3001\">\n<p data-start=\"2972\" data-end=\"3001\">Consentimiento del interesado.<\/p>\n<\/li>\n<li data-start=\"3002\" data-end=\"3036\">\n<p data-start=\"3004\" data-end=\"3036\">Cumplimiento de obligaciones legales.<\/p>\n<\/li>\n<li data-start=\"3037\" data-end=\"3078\">\n<p data-start=\"3039\" data-end=\"3078\">Inter\u00e9s leg\u00edtimo para mejorar el servicio.<\/p>\n<\/li>\n<\/ul>\n<h2 data-start=\"3085\" data-end=\"3111\">4. Conservaci\u00f3n de datos<\/h2>\n<p data-start=\"3113\" data-end=\"3138\">Los datos se conservar\u00e1n:<\/p>\n<ul data-start=\"3140\" data-end=\"3317\">\n<li data-start=\"3140\" data-end=\"3172\">\n<p data-start=\"3142\" data-end=\"3172\">Durante la relaci\u00f3n contractual.<\/p>\n<\/li>\n<li data-start=\"3173\" data-end=\"3250\">\n<p data-start=\"3175\" data-end=\"3250\">El tiempo necesario para cumplir obligaciones legales fiscales (m\u00ednimo 4-6 a\u00f1os).<\/p>\n<\/li>\n<li data-start=\"3251\" data-end=\"3317\">\n<p data-start=\"3253\" data-end=\"3317\">Hasta que se revoque el consentimiento en comunicaciones comerciales.<\/p>\n<\/li>\n<\/ul>\n<h2 data-start=\"3324\" data-end=\"3342\">5. Destinatarios<\/h2>\n<p data-start=\"3344\" data-end=\"3379\">Los datos podr\u00e1n ser comunicados a:<\/p>\n<ul data-start=\"3381\" data-end=\"3532\">\n<li data-start=\"3381\" data-end=\"3407\">\n<p data-start=\"3383\" data-end=\"3407\">Plataformas de pago.<\/p>\n<\/li>\n<li data-start=\"3408\" data-end=\"3429\">\n<p data-start=\"3410\" data-end=\"3429\">Entidades bancarias.<\/p>\n<\/li>\n<li data-start=\"3430\" data-end=\"3457\">\n<p data-start=\"3432\" data-end=\"3457\">Administraci\u00f3n tributaria.<\/p>\n<\/li>\n<li data-start=\"3458\" data-end=\"3532\">\n<p data-start=\"3460\" data-end=\"3532\">Proveedores tecnol\u00f3gicos (WordPress, WooCommerce, Google Analytics, etc.).<\/p>\n<\/li>\n<\/ul>\n<p data-start=\"3534\" data-end=\"3678\">Algunos proveedores pueden estar ubicados fuera de la UE (ej: Instagram, Google), existiendo transferencias internacionales con las garant\u00edas adecuadas.<\/p>\n<h2 data-start=\"3685\" data-end=\"3708\">6. Derechos del usuario<\/h2>\n<p data-start=\"3710\" data-end=\"3737\">Puedes ejercer los derechos de:<\/p>\n<ul data-start=\"3739\" data-end=\"3811\">\n<li data-start=\"3739\" data-end=\"3746\">\n<p data-start=\"3741\" data-end=\"3746\">Acceso<\/p>\n<\/li>\n<li data-start=\"3747\" data-end=\"3761\">\n<p data-start=\"3749\" data-end=\"3761\">Rectificaci\u00f3n<\/p>\n<\/li>\n<li data-start=\"3762\" data-end=\"3773\">\n<p data-start=\"3764\" data-end=\"3773\">Supresi\u00f3n<\/p>\n<\/li>\n<li data-start=\"3774\" data-end=\"3784\">\n<p data-start=\"3776\" data-end=\"3784\">Oposici\u00f3n<\/p>\n<\/li>\n<li data-start=\"3785\" data-end=\"3796\">\n<p data-start=\"3787\" data-end=\"3796\">Limitaci\u00f3n<\/p>\n<\/li>\n<li data-start=\"3797\" data-end=\"3811\">\n<p data-start=\"3799\" data-end=\"3811\">Portabilidad<\/p>\n<\/li>\n<\/ul>\n<p data-start=\"3813\" data-end=\"3920\">Mediante correo electr\u00f3nico a: <a class=\"decorated-link cursor-pointer\" rel=\"noopener\" data-start=\"3845\" data-end=\"3868\">info@lespessigolles.cat<\/a><br data-start=\"3868\" data-end=\"3871\">Adjuntando copia del DNI o documento identificativo.<\/p>\n<p data-start=\"3922\" data-end=\"4026\">Tambi\u00e9n puedes presentar reclamaci\u00f3n ante la Agencia Espa\u00f1ola de Protecci\u00f3n de Datos:<br data-start=\"4004\" data-end=\"4007\"><a class=\"decorated-link\" href=\"https:\/\/www.aepd.es\" target=\"_new\" rel=\"noopener\" data-start=\"4007\" data-end=\"4026\">https:\/\/www.aepd.es<\/a><\/p>\n<h2 data-start=\"4033\" data-end=\"4059\">7. Medidas de seguridad<\/h2>\n<p data-start=\"4061\" data-end=\"4175\">Se han adoptado las medidas t\u00e9cnicas y organizativas necesarias para garantizar la seguridad de los datos personales.<\/p>\n<p>[\/vc_column_text][\/vc_column][vc_column width=\u00bb1\/6&#8243;][\/vc_column][\/vc_row]<\/p>\n<\/div>","protected":false},"excerpt":{"rendered":"<p>[vc_row][vc_column width=\u00bb1\/6&#8243;][\/vc_column][vc_column width=\u00bb2\/3&#8243;][vc_column_text css=\u00bb\u00bb] 1. Responsable del tratamiento ENRIC CANOSA CANTALOZELLANIF: 40358576QDirecci\u00f3n: C\/ Marina, 128, 17244 Cass\u00e0 de la SelvaEmail: info@lespessigolles.cat 2. Finalidad del tratamiento Los datos personales recogidos a trav\u00e9s de la web ser\u00e1n utilizados para: Gestionar pedidos y ventas online. Gestionar pagos. Enviar comunicaciones relacionadas con la compra. Atender consultas. Env\u00edo de comunicaciones&hellip;<\/p>\n","protected":false},"author":1,"featured_media":0,"parent":0,"menu_order":0,"comment_status":"closed","ping_status":"open","template":"","meta":{"footnotes":""},"class_list":["post-310","page","type-page","status-publish","hentry","description-off"],"_links":{"self":[{"href":"https:\/\/www.lespessigolles.cat\/es\/wp-json\/wp\/v2\/pages\/310","targetHints":{"allow":["GET"]}}],"collection":[{"href":"https:\/\/www.lespessigolles.cat\/es\/wp-json\/wp\/v2\/pages"}],"about":[{"href":"https:\/\/www.lespessigolles.cat\/es\/wp-json\/wp\/v2\/types\/page"}],"author":[{"embeddable":true,"href":"https:\/\/www.lespessigolles.cat\/es\/wp-json\/wp\/v2\/users\/1"}],"replies":[{"embeddable":true,"href":"https:\/\/www.lespessigolles.cat\/es\/wp-json\/wp\/v2\/comments?post=310"}],"version-history":[{"count":2,"href":"https:\/\/www.lespessigolles.cat\/es\/wp-json\/wp\/v2\/pages\/310\/revisions"}],"predecessor-version":[{"id":312,"href":"https:\/\/www.lespessigolles.cat\/es\/wp-json\/wp\/v2\/pages\/310\/revisions\/312"}],"wp:attachment":[{"href":"https:\/\/www.lespessigolles.cat\/es\/wp-json\/wp\/v2\/media?parent=310"}],"curies":[{"name":"wp","href":"https:\/\/api.w.org\/{rel}","templated":true}]}}